{"id":3983,"date":"2026-04-07T18:15:48","date_gmt":"2026-04-07T23:15:48","guid":{"rendered":"https:\/\/tiendahumor.com\/?post_type=product&#038;p=3983"},"modified":"2026-04-16T12:57:06","modified_gmt":"2026-04-16T17:57:06","slug":"cartas-a-lorenzo-lanzamiento-libro","status":"publish","type":"product","link":"https:\/\/tiendahumor.com\/index.php\/product\/cartas-a-lorenzo-lanzamiento-libro\/","title":{"rendered":"Cartas a Lorenzo &#8211; Lanzamiento libro"},"content":{"rendered":"<h1>\u00a1Cartas a Lorenzo!<\/h1>\n<div>\n<p>Un hombre que se entera de que va tener un hijo sale corriendo. En ese escape se conecta con la vida. Ahora, en 13 cartas le cuenta los aprendizajes a su propio hijo para que sepa que siempre hay posibilidades.<\/p>\n<\/div>\n<h3>\ud83d\uddd3\ufe0f S\u00e1bado 22 de mayo del 2026<\/h3>\n<div>\n<h3>\u231a 08:00 p.m.<\/h3>\n<div>\n<h3>\ud83d\udccd Teatro la Polilla &#8211; Cl. 23 #76-85 &#8211; Medell\u00edn<\/h3>\n<\/div>\n<div><\/div>\n<p>\ud83d\udcb2 <strong>Libro<\/strong>: $55,000<br \/>\n\ud83d\udcb2 <strong>Lanzamiento<\/strong>: $25,000<br \/>\n\ud83d\udcb2<strong> Lanzamiento + libro<\/strong>: $70,000<\/p>\n<\/div>\n<p>*El libro ser\u00e1 entregado el d\u00eda del lanzamiento. En caso de no ir al lanzamiento, deja los datos y comun\u00edcate con nosotros para la entrega.<\/p>\n","protected":false},"excerpt":{"rendered":"<p>\u00a1Cartas a Lorenzo! Un hombre que se entera de que va tener un hijo sale corriendo. En ese escape se conecta con la vida. Ahora, en 13 cartas le cuenta los aprendizajes a su propio hijo para que sepa que siempre hay posibilidades. \ud83d\uddd3\ufe0f S\u00e1bado 22 de mayo del 2026 \u231a 08:00 p.m. \ud83d\udccd Teatro [&hellip;]<\/p>\n","protected":false},"author":1,"featured_media":4042,"template":"","meta":[],"product_brand":[51],"product_cat":[27,35,52,46],"product_tag":[21,20,23,22,24,25,26],"class_list":{"0":"post-3983","1":"product","2":"type-product","3":"status-publish","4":"has-post-thumbnail","6":"product_brand-cinco-impro","7":"product_cat-comedia","8":"product_cat-improvisacion","9":"product_cat-libro","10":"product_cat-poesia","11":"product_tag-comedia","12":"product_tag-humor","13":"product_tag-impro","14":"product_tag-improv","15":"product_tag-improvisacion","16":"product_tag-medellin","17":"product_tag-teatro","19":"first","20":"instock","21":"shipping-taxable","22":"purchasable","23":"product-type-variable"},"jetpack_sharing_enabled":true,"_links":{"self":[{"href":"https:\/\/tiendahumor.com\/index.php\/wp-json\/wp\/v2\/product\/3983","targetHints":{"allow":["GET"]}}],"collection":[{"href":"https:\/\/tiendahumor.com\/index.php\/wp-json\/wp\/v2\/product"}],"about":[{"href":"https:\/\/tiendahumor.com\/index.php\/wp-json\/wp\/v2\/types\/product"}],"author":[{"embeddable":true,"href":"https:\/\/tiendahumor.com\/index.php\/wp-json\/wp\/v2\/users\/1"}],"wp:featuredmedia":[{"embeddable":true,"href":"https:\/\/tiendahumor.com\/index.php\/wp-json\/wp\/v2\/media\/4042"}],"wp:attachment":[{"href":"https:\/\/tiendahumor.com\/index.php\/wp-json\/wp\/v2\/media?parent=3983"}],"wp:term":[{"taxonomy":"product_brand","embeddable":true,"href":"https:\/\/tiendahumor.com\/index.php\/wp-json\/wp\/v2\/product_brand?post=3983"},{"taxonomy":"product_cat","embeddable":true,"href":"https:\/\/tiendahumor.com\/index.php\/wp-json\/wp\/v2\/product_cat?post=3983"},{"taxonomy":"product_tag","embeddable":true,"href":"https:\/\/tiendahumor.com\/index.php\/wp-json\/wp\/v2\/product_tag?post=3983"}],"curies":[{"name":"wp","href":"https:\/\/api.w.org\/{rel}","templated":true}]}}